{"id":2410,"date":"2025-01-05T05:34:48","date_gmt":"2025-01-05T05:34:48","guid":{"rendered":"https:\/\/wordpress.themeholy.com\/solak\/?page_id=21"},"modified":"2026-04-27T03:49:22","modified_gmt":"2026-04-27T03:49:22","slug":"home-wind-energy","status":"publish","type":"page","link":"https:\/\/environmetrika.com.co\/en\/home-wind-energy\/","title":{"rendered":"Consultor\u00eda"},"content":{"rendered":"<div data-elementor-type=\"wp-page\" data-elementor-id=\"2410\" class=\"elementor elementor-2410\">\n\t\t\t\t<div class=\"elementor-element elementor-element-e529956 e-con-full e-flex e-con e-parent\" data-id=\"e529956\" data-element_type=\"container\" data-e-type=\"container\">\n\t\t\r\n\t\t<div class=\"elementor-element elementor-element-902e554 elementor-widget elementor-widget-solakbanner1\" data-id=\"902e554\" data-element_type=\"widget\" data-e-type=\"widget\" data-widget_type=\"solakbanner1.default\">\n\t\t\t\t<div class=\"elementor-widget-container\">\n\t\t\t\t\t<div class=\"th-hero-wrapper hero-3\" id=\"hero\"><div class=\"swiper th-slider hero-slider-3\" id=\"heroSlide3\" data-slider-options='{\"effect\":\"fade\"}'><div class=\"swiper-wrapper\"><div class=\"swiper-slide\"><div class=\"hero-inner\"><div class=\"th-hero-bg\" data-bg-src=\"https:\/\/environmetrika.com.co\/wp-content\/uploads\/2025\/06\/investigador-sostiene-un-tubo-de-ensayo-con-agua-en-una-mano-en-guante-azul-scaled.jpg\"><\/div><div class=\"container\"><div class=\"hero-style3\"><h1 class=\"hero-title\" data-ani=\"slideinleft\" data-ani-delay=\"0.4s\">Salud P\u00fablica y Saneamiento Ambiental<img decoding=\"async\" src=\"\" alt=\"\"  \/><\/h1><p class=\"hero-text\" data-ani=\"slideinleft\" data-ani-delay=\"0.6s\">Soluciones t\u00e9cnicas para el cumplimiento normativo y la prevenci\u00f3n de riesgos sanitarios en entornos urbanos y empresariales.<\/p><div class=\"btn-group justify-content-center justify-content-lg-start\"><div class=\"\" data-ani=\"slideinleft\" data-ani-delay=\"0.8s\"><a href=\"https:\/\/wordpress.themeholy.com\/solak\/contact\/\" class=\"th-btn style1 th-radius th-icon th_btn\"><span class=\"btn-text\" data-back=\"Saberm\u00e1s\" data-front=\"Saberm\u00e1s\"><\/span><i class=\"fa-regular fa-arrow-right ms-2\"><\/i> <\/a><\/div><\/div><\/div><\/div><\/div><\/div><div class=\"swiper-slide\"><div class=\"hero-inner\"><div class=\"th-hero-bg\" data-bg-src=\"https:\/\/environmetrika.com.co\/wp-content\/uploads\/2025\/06\/investigador-sostiene-un-tubo-de-ensayo-con-agua-en-una-mano-en-guante-azul-scaled.jpg\"><\/div><div class=\"container\"><div class=\"hero-style3\"><h1 class=\"hero-title\" data-ani=\"slideinleft\" data-ani-delay=\"0.4s\">Salud P\u00fablica y Saneamiento Ambiental<img decoding=\"async\" src=\"\" alt=\"\"  \/><\/h1><p class=\"hero-text\" data-ani=\"slideinleft\" data-ani-delay=\"0.6s\">Soluciones t\u00e9cnicas para el cumplimiento normativo y la prevenci\u00f3n de riesgos sanitarios en entornos urbanos y empresariales.<\/p><div class=\"btn-group justify-content-center justify-content-lg-start\"><div class=\"\" data-ani=\"slideinleft\" data-ani-delay=\"0.8s\"><a href=\"https:\/\/wordpress.themeholy.com\/solak\/contact\/\" class=\"th-btn style1 th-radius th-icon th_btn\"><span class=\"btn-text\" data-back=\"Saberm\u00e1s\" data-front=\"Saberm\u00e1s\"><\/span><i class=\"fa-regular fa-arrow-right ms-2\"><\/i> <\/a><\/div><\/div><\/div><\/div><\/div><\/div><\/div><button data-slider-prev=\"#heroSlide3\" class=\"slider-arrow slider-prev\"><i class=\"far fa-arrow-left\"><\/i><\/button><button data-slider-next=\"#heroSlide3\" class=\"slider-arrow slider-next\"><i class=\"far fa-arrow-right\"><\/i><\/button><\/div><div class=\"social-links\"><a  rel=\"nofollow\" href=\"\"><\/a> <\/div><div class=\"hero-btn\"><a href=\"\" class=\"th-btn style1 th-icon\"><span class=\"btn-text\" data-back=\"Salud P\u00fablica\" data-front=\"Salud P\u00fablica\"><\/span><i class=\"fa-regular fa-arrow-right ms-2\"><\/i><\/a><\/div><\/div>\t\t\t\t<\/div>\n\t\t\t\t<\/div>\n\t\t\t\t<\/div>\n\t\t<div class=\"elementor-element elementor-element-22b7ea1 e-con-full e-flex e-con e-parent\" data-id=\"22b7ea1\" data-element_type=\"container\" data-e-type=\"container\">\n\t\t\t\t<div class=\"elementor-element elementor-element-2957e0c elementor-widget elementor-widget-solaktestimonialslider\" data-id=\"2957e0c\" data-element_type=\"widget\" data-e-type=\"widget\" data-widget_type=\"solaktestimonialslider.default\">\n\t\t\t\t<div class=\"elementor-widget-container\">\n\t\t\t\t\t<div class=\"testi-sec bg-title positive-relative overflow-hidden overflow-hidden space shape-mockup-wrap\" data-bg-src=\"\"><div class=\"container\"><div class=\"testi-area-wrapp\"><div class=\"title-area pe-xl-5\"><span class=\"sub-title sub-title3\">Servicios de Consultor\u00eda<\/span><h2 class=\"sec-title\">PGIRISA<\/h2><\/div><div class=\"swiper th-slider has-shadow testi-slider4\" id=\"testi-thumb\" data-slider-options='{\"effect\":\"slide\",\"loop\":false,\"mousewheel\":true,\"spaceBetween\":10,\"paginationType\":\"progressbar\",\"breakpoints\":{\"0\":{\"slidesPerView\":1},\"1199\":{\"direction\":\"vertical\"}}}'><div class=\"swiper-wrapper\"><div class=\"swiper-slide\"><div class=\"testi-block\"><div class=\"box-review\"><i class=\"fa-sharp fa-solid fa-star\"><\/i><i class=\"fa-sharp fa-solid fa-star\"><\/i><i class=\"fa-sharp fa-solid fa-star\"><\/i><i class=\"fa-sharp fa-solid fa-star\"><\/i><i class=\"fa-sharp fa-solid fa-star\"><\/i><\/div><h3 class=\"box-title2\">PLAN INTEGRA DE RESIDUOS EN LA ATENCI\u00d3N DE SALUD Y OTRAS ACTIVIDADES<\/h3><p class=\"box-text\">El Plan de Gesti\u00f3n Integral de Residuos para el Sector Hotelero es un marco de gesti\u00f3n integral que establece procedimientos para prevenir, minimizar, segregar, almacenar, transportar y disponer los residuos generados en instalaciones hoteleras.<\/p><div class=\"box-profile\"><div class=\"media-body\"><\/div><\/div><\/div><\/div><\/div><div class=\"slider-pagination\"><\/div><\/div><div class=\"testi-thumb\" data-slider-tab=\"#testi-thumb\"><div class=\"tab-btn active\">01<\/div><\/div><\/div><\/div><\/div>\t\t\t\t<\/div>\n\t\t\t\t<\/div>\n\t\t\t\t<\/div>\n\t\t<div class=\"elementor-element elementor-element-ac9cdc7 e-flex e-con-boxed e-con e-parent\" data-id=\"ac9cdc7\" data-element_type=\"container\" data-e-type=\"container\">\n\t\t\t\t\t<div class=\"e-con-inner\">\n\t\t<div class=\"elementor-element elementor-element-706a9a8 e-con-full e-flex e-con e-child\" data-id=\"706a9a8\" data-element_type=\"container\" data-e-type=\"container\">\n\t\t\t\t<div class=\"elementor-element elementor-element-226567e elementor-widget elementor-widget-button\" data-id=\"226567e\" data-element_type=\"widget\" data-e-type=\"widget\" data-widget_type=\"button.default\">\n\t\t\t\t<div class=\"elementor-widget-container\">\n\t\t\t\t\t\t\t\t\t<div class=\"elementor-button-wrapper\">\n\t\t\t\t\t<a class=\"elementor-button elementor-button-link elementor-size-sm\" href=\"https:\/\/environmetrika.com.co\/wp-content\/uploads\/2026\/04\/ALCANCE-PGIRASA-ING-JOHAN-FLOREZ-2026-2.pdf\">\n\t\t\t\t\t\t<span class=\"elementor-button-content-wrapper\">\n\t\t\t\t\t\t\t\t\t<span class=\"elementor-button-text\">Descargar PDF<\/span>\n\t\t\t\t\t<\/span>\n\t\t\t\t\t<\/a>\n\t\t\t\t<\/div>\n\t\t\t\t\t\t\t\t<\/div>\n\t\t\t\t<\/div>\n\t\t\t\t<\/div>\n\t\t\t\t\t<\/div>\n\t\t\t\t<\/div>\n\t\t\t\t<\/div>","protected":false},"excerpt":{"rendered":"<p>Salud P\u00fablica y Saneamiento Ambiental Soluciones t\u00e9cnicas para el cumplimiento normativo y la prevenci\u00f3n de riesgos sanitarios en entornos urbanos y empresariales. Salud P\u00fablica y Saneamiento Ambiental Soluciones t\u00e9cnicas para el cumplimiento normativo y la prevenci\u00f3n de riesgos sanitarios en entornos urbanos y empresariales. Servicios de Consultor\u00eda PGIRISA PLAN INTEGRA DE RESIDUOS EN LA ATENCI\u00d3N&#8230;<\/p>","protected":false},"author":1,"featured_media":0,"parent":0,"menu_order":0,"comment_status":"closed","ping_status":"closed","template":"template-builder.php","meta":{"footnotes":""},"class_list":["post-2410","page","type-page","status-publish","hentry"],"_links":{"self":[{"href":"https:\/\/environmetrika.com.co\/en\/wp-json\/wp\/v2\/pages\/2410","targetHints":{"allow":["GET"]}}],"collection":[{"href":"https:\/\/environmetrika.com.co\/en\/wp-json\/wp\/v2\/pages"}],"about":[{"href":"https:\/\/environmetrika.com.co\/en\/wp-json\/wp\/v2\/types\/page"}],"author":[{"embeddable":true,"href":"https:\/\/environmetrika.com.co\/en\/wp-json\/wp\/v2\/users\/1"}],"replies":[{"embeddable":true,"href":"https:\/\/environmetrika.com.co\/en\/wp-json\/wp\/v2\/comments?post=2410"}],"version-history":[{"count":15,"href":"https:\/\/environmetrika.com.co\/en\/wp-json\/wp\/v2\/pages\/2410\/revisions"}],"predecessor-version":[{"id":3584,"href":"https:\/\/environmetrika.com.co\/en\/wp-json\/wp\/v2\/pages\/2410\/revisions\/3584"}],"wp:attachment":[{"href":"https:\/\/environmetrika.com.co\/en\/wp-json\/wp\/v2\/media?parent=2410"}],"curies":[{"name":"wp","href":"https:\/\/api.w.org\/{rel}","templated":true}]}}