{"id":2413,"date":"2025-01-05T05:35:20","date_gmt":"2025-01-05T05:35:20","guid":{"rendered":"https:\/\/wordpress.themeholy.com\/solak\/?page_id=27"},"modified":"2026-01-28T13:23:07","modified_gmt":"2026-01-28T13:23:07","slug":"nosotros","status":"publish","type":"page","link":"https:\/\/environmetrika.com.co\/en\/nosotros\/","title":{"rendered":"About us"},"content":{"rendered":"<div data-elementor-type=\"wp-page\" data-elementor-id=\"2413\" class=\"elementor elementor-2413\">\n\t\t\t\t<div class=\"elementor-element elementor-element-d43d777 arrow-wrap e-flex e-con-boxed e-con e-parent\" data-id=\"d43d777\" data-element_type=\"container\" data-e-type=\"container\" data-settings=\"{&quot;background_background&quot;:&quot;classic&quot;}\">\n\t\t\t\t\t<div class=\"e-con-inner\">\n\t\t\r\n\t\t<div class=\"elementor-element elementor-element-416a4c0 elementor-widget__width-initial elementor-widget elementor-widget-solaksectiontitle\" data-id=\"416a4c0\" data-element_type=\"widget\" data-e-type=\"widget\" data-widget_type=\"solaksectiontitle.default\">\n\t\t\t\t<div class=\"elementor-widget-container\">\n\t\t\t\t\t\t\t<div class=\"title-area text-center\">\r\n\t\t\t<span class=\"sub-title text-ani-style2\">Experts in Environmental Economics <\/span><h2 class=\"sec-title text-ani-style3\">Who are we?<\/h2>\t\t<\/div>\r\n\r\n\t\t\t\t\t<\/div>\n\t\t\t\t<\/div>\n\t\t\t\t\t<\/div>\n\t\t\t\t<\/div>\n\t\t<div class=\"elementor-element elementor-element-a71d44c e-flex e-con-boxed e-con e-parent\" data-id=\"a71d44c\" data-element_type=\"container\" data-e-type=\"container\" data-settings=\"{&quot;background_background&quot;:&quot;classic&quot;}\">\n\t\t\t\t\t<div class=\"e-con-inner\">\n\t\t<div class=\"elementor-element elementor-element-ef3ce4c e-con-full e-flex e-con e-child\" data-id=\"ef3ce4c\" data-element_type=\"container\" data-e-type=\"container\">\n\t\t\t\t<div class=\"elementor-element elementor-element-8529096 elementor-widget__width-initial elementor-widget elementor-widget-solaksectiontitle\" data-id=\"8529096\" data-element_type=\"widget\" data-e-type=\"widget\" data-widget_type=\"solaksectiontitle.default\">\n\t\t\t\t<div class=\"elementor-widget-container\">\n\t\t\t\t\t\t\t<div class=\"title-area text-left\">\r\n\t\t\t<span class=\"sub-title text-ani-style2\">Environmetrika<\/span><h2 class=\"sec-title text-ani-style3\">About us<\/h2><p>We are a consulting and academic firm with more than 15 years of experience in the design, execution, and evaluation of projects that integrate environmental, economic, and territorial analysis.<\/p>\t\t<\/div>\r\n\r\n\t\t\t\t\t<\/div>\n\t\t\t\t<\/div>\n\t\t\t\t<div class=\"elementor-element elementor-element-e5c4ee7 elementor-widget elementor-widget-solakfeatures\" data-id=\"e5c4ee7\" data-element_type=\"widget\" data-e-type=\"widget\" data-widget_type=\"solakfeatures.default\">\n\t\t\t\t<div class=\"elementor-widget-container\">\n\t\t\t\t\t<div class=\"choose-feature2-wrap\"><div class=\"choose-feature2\"><div class=\"media-body\"><h3 class=\"box-title\">Mission:<\/h3><p class=\"box-text\">Promote evidence-based environmental and territorial management, integrating economic-environmental, social, and pedagogical approaches.<\/p><\/div><\/div> <div class=\"choose-feature2\"><div class=\"media-body\"><h3 class=\"box-title\">Vision<\/h3><p class=\"box-text\">To be recognized as leaders in strategic environmental consulting and interdisciplinary technical training at the Ibero-American level.<\/p><\/div><\/div> <\/div> \t\t\t\t<\/div>\n\t\t\t\t<\/div>\n\t\t\t\t<\/div>\n\t\t<div class=\"elementor-element elementor-element-6b5c452 e-con-full e-flex e-con e-child\" data-id=\"6b5c452\" data-element_type=\"container\" data-e-type=\"container\">\n\t\t\t\t<div class=\"elementor-element elementor-element-98df008 elementor-widget elementor-widget-solakchooseus\" data-id=\"98df008\" data-element_type=\"widget\" data-e-type=\"widget\" data-widget_type=\"solakchooseus.default\">\n\t\t\t\t<div class=\"elementor-widget-container\">\n\t\t\t\t\t<div class=\"choose-wrapper2\"><div class=\"choose-item2\"><div class=\"choose-img\"><img decoding=\"async\" src=\"https:\/\/environmetrika.com.co\/wp-content\/uploads\/2025\/06\/servicio-de-gobernanza.jpg\" alt=\"servicio de gobernanza\"  \/><\/div><div class=\"choose-content\"><h3 class=\"box-number\"><span class=\"counter-number\">100<\/span>+<\/h3><p class=\"box-text\">Projects successfully executed nationwide. <\/p><\/div><\/div><div class=\"choose-item2\"><div class=\"choose-img\"><img decoding=\"async\" src=\"https:\/\/environmetrika.com.co\/wp-content\/uploads\/2025\/06\/rana-arboricola-redeyed-sentada-sobre-hojas-verdes.jpg\" alt=\"rana arboricola redeyed sentada sobre hojas verdes\"  \/><\/div><div class=\"choose-content\"><h3 class=\"box-number\"><span class=\"counter-number\">19<\/span>+<\/h3><p class=\"box-text\">Years of experience in the execution of environmental projects<\/p><\/div><\/div><\/div>\t\t\t\t<\/div>\n\t\t\t\t<\/div>\n\t\t\t\t<\/div>\n\t\t\t\t\t<\/div>\n\t\t\t\t<\/div>\n\t\t<div class=\"elementor-element elementor-element-f14eda5 arrow-wrap e-flex e-con-boxed e-con e-parent\" data-id=\"f14eda5\" data-element_type=\"container\" data-e-type=\"container\">\n\t\t\t\t\t<div class=\"e-con-inner\">\n\t\t\t\t<div class=\"elementor-element elementor-element-18ce06a elementor-widget__width-initial elementor-widget elementor-widget-solaksectiontitle\" data-id=\"18ce06a\" data-element_type=\"widget\" data-e-type=\"widget\" data-widget_type=\"solaksectiontitle.default\">\n\t\t\t\t<div class=\"elementor-widget-container\">\n\t\t\t\t\t\t\t<div class=\"title-area text-center\">\r\n\t\t\t<span class=\"sub-title text-ani-style2\">Experience<\/span><h2 class=\"sec-title text-ani-style3\">Our Clients <\/h2>\t\t<\/div>\r\n\r\n\t\t\t\t\t<\/div>\n\t\t\t\t<\/div>\n\t\t\t\t<div class=\"elementor-element elementor-element-0b31df9 elementor-widget elementor-widget-solakclientlogos\" data-id=\"0b31df9\" data-element_type=\"widget\" data-e-type=\"widget\" data-widget_type=\"solakclientlogos.default\">\n\t\t\t\t<div class=\"elementor-widget-container\">\n\t\t\t\t\t<div class=\"row gy-4 justify-content-center align-items-center\"> <div class=\"col-md-6 col-lg-3\"><div class=\"brand-card\"><a href=\"#\"><img decoding=\"async\" src=\"https:\/\/environmetrika.com.co\/wp-content\/uploads\/2025\/06\/environmetrika-empresas-2.png\" alt=\"environmetrika empresas 2\"  \/><\/a><\/div><\/div> <div class=\"col-md-6 col-lg-3\"><div class=\"brand-card\"><a href=\"#\"><img decoding=\"async\" src=\"https:\/\/environmetrika.com.co\/wp-content\/uploads\/2025\/06\/environmetrika-empresas-3.png\" alt=\"environmetrika empresas 3\"  \/><\/a><\/div><\/div> <div class=\"col-md-6 col-lg-3\"><div class=\"brand-card\"><a href=\"#\"><img decoding=\"async\" src=\"https:\/\/environmetrika.com.co\/wp-content\/uploads\/2025\/06\/environmetrika-empresas-5.png\" alt=\"environmetrika empresas 5\"  \/><\/a><\/div><\/div> <div class=\"col-md-6 col-lg-3\"><div class=\"brand-card\"><a href=\"#\"><img decoding=\"async\" src=\"https:\/\/environmetrika.com.co\/wp-content\/uploads\/2025\/06\/environmetrika-empresas-6.png\" alt=\"environmetrika empresas 6\"  \/><\/a><\/div><\/div> <div class=\"col-md-6 col-lg-3\"><div class=\"brand-card\"><a href=\"#\"><img decoding=\"async\" src=\"https:\/\/environmetrika.com.co\/wp-content\/uploads\/2025\/06\/cliente-logo-11.jpg\" alt=\"cliente logo 11\"  \/><\/a><\/div><\/div> <div class=\"col-md-6 col-lg-3\"><div class=\"brand-card\"><a href=\"#\"><img decoding=\"async\" src=\"https:\/\/environmetrika.com.co\/wp-content\/uploads\/2025\/06\/cliente-logo-10.jpg\" alt=\"cliente logo 10\"  \/><\/a><\/div><\/div> <div class=\"col-md-6 col-lg-3\"><div class=\"brand-card\"><a href=\"#\"><img decoding=\"async\" src=\"https:\/\/environmetrika.com.co\/wp-content\/uploads\/2025\/06\/cliente-logo-9.jpg\" alt=\"cliente logo 9\"  \/><\/a><\/div><\/div> <div class=\"col-md-6 col-lg-3\"><div class=\"brand-card\"><a href=\"#\"><img decoding=\"async\" src=\"https:\/\/environmetrika.com.co\/wp-content\/uploads\/2025\/06\/logo-cliente-1.png\" alt=\"logo cliente 1\"  \/><\/a><\/div><\/div> <div class=\"col-md-6 col-lg-3\"><div class=\"brand-card\"><a href=\"#\"><img decoding=\"async\" src=\"https:\/\/environmetrika.com.co\/wp-content\/uploads\/2025\/06\/cliente-logo-8.jpg\" alt=\"cliente logo 8\"  \/><\/a><\/div><\/div> <div class=\"col-md-6 col-lg-3\"><div class=\"brand-card\"><a href=\"#\"><img decoding=\"async\" src=\"https:\/\/environmetrika.com.co\/wp-content\/uploads\/2025\/06\/cliente-logo-7.jpg\" alt=\"cliente logo 7\"  \/><\/a><\/div><\/div> <div class=\"col-md-6 col-lg-3\"><div class=\"brand-card\"><a href=\"#\"><img decoding=\"async\" src=\"https:\/\/environmetrika.com.co\/wp-content\/uploads\/2025\/06\/cliente-logo-6.jpg\" alt=\"cliente logo 6\"  \/><\/a><\/div><\/div> <div class=\"col-md-6 col-lg-3\"><div class=\"brand-card\"><a href=\"#\"><img decoding=\"async\" src=\"https:\/\/environmetrika.com.co\/wp-content\/uploads\/2025\/06\/cliente-logo-5.jpg\" alt=\"cliente logo 5\"  \/><\/a><\/div><\/div> <div class=\"col-md-6 col-lg-3\"><div class=\"brand-card\"><a href=\"#\"><img decoding=\"async\" src=\"https:\/\/environmetrika.com.co\/wp-content\/uploads\/2025\/06\/cliente-logo-4.jpg\" alt=\"cliente logo 4\"  \/><\/a><\/div><\/div> <div class=\"col-md-6 col-lg-3\"><div class=\"brand-card\"><a href=\"#\"><img decoding=\"async\" src=\"https:\/\/environmetrika.com.co\/wp-content\/uploads\/2025\/06\/cliente-logo-3.jpg\" alt=\"cliente logo 3\"  \/><\/a><\/div><\/div> <div class=\"col-md-6 col-lg-3\"><div class=\"brand-card\"><a href=\"#\"><img decoding=\"async\" src=\"https:\/\/environmetrika.com.co\/wp-content\/uploads\/2025\/06\/cliente-logo-2.jpg\" alt=\"cliente logo 2\"  \/><\/a><\/div><\/div> <div class=\"col-md-6 col-lg-3\"><div class=\"brand-card\"><a href=\"#\"><img decoding=\"async\" src=\"https:\/\/environmetrika.com.co\/wp-content\/uploads\/2025\/06\/cliente-logo-12.jpg\" alt=\"cliente logo 12\"  \/><\/a><\/div><\/div><\/div>\t\t\t\t<\/div>\n\t\t\t\t<\/div>\n\t\t\t\t\t<\/div>\n\t\t\t\t<\/div>\n\t\t<div class=\"elementor-element elementor-element-b1d286a arrow-wrap e-flex e-con-boxed e-con e-parent\" data-id=\"b1d286a\" data-element_type=\"container\" data-e-type=\"container\">\n\t\t\t\t\t<div class=\"e-con-inner\">\n\t\t\t\t<div class=\"elementor-element elementor-element-ee0e36f elementor-widget__width-initial elementor-widget elementor-widget-solaksectiontitle\" data-id=\"ee0e36f\" data-element_type=\"widget\" data-e-type=\"widget\" data-widget_type=\"solaksectiontitle.default\">\n\t\t\t\t<div class=\"elementor-widget-container\">\n\t\t\t\t\t\t\t<div class=\"title-area text-center\">\r\n\t\t\t<span class=\"sub-title text-ani-style2\">Experience<\/span><h2 class=\"sec-title text-ani-style3\">Our Allies<\/h2>\t\t<\/div>\r\n\r\n\t\t\t\t\t<\/div>\n\t\t\t\t<\/div>\n\t\t\t\t\t<\/div>\n\t\t\t\t<\/div>\n\t\t<div class=\"elementor-element elementor-element-fcf98ae e-flex e-con-boxed e-con e-parent\" data-id=\"fcf98ae\" data-element_type=\"container\" data-e-type=\"container\">\n\t\t\t\t\t<div class=\"e-con-inner\">\n\t\t<div class=\"elementor-element elementor-element-9291d4e e-con-full e-flex e-con e-child\" data-id=\"9291d4e\" data-element_type=\"container\" data-e-type=\"container\" data-settings=\"{&quot;background_background&quot;:&quot;classic&quot;}\">\n\t\t\t\t<div class=\"elementor-element elementor-element-aeec43d elementor-widget elementor-widget-solakclientlogos\" data-id=\"aeec43d\" data-element_type=\"widget\" data-e-type=\"widget\" data-widget_type=\"solakclientlogos.default\">\n\t\t\t\t<div class=\"elementor-widget-container\">\n\t\t\t\t\t<div class=\"row gy-4 justify-content-center align-items-center\"> <div class=\"col-md-6 col-lg-3\"><div class=\"brand-card\"><a href=\"#\"><img decoding=\"async\" src=\"https:\/\/environmetrika.com.co\/wp-content\/uploads\/2025\/06\/environmetrika-empresas-1.png\" alt=\"environmetrika empresas 1\"  \/><\/a><\/div><\/div> <div class=\"col-md-6 col-lg-3\"><div class=\"brand-card\"><a href=\"#\"><img decoding=\"async\" src=\"https:\/\/environmetrika.com.co\/wp-content\/uploads\/2025\/06\/u-rosario.png\" alt=\"u rosario\"  \/><\/a><\/div><\/div> <div class=\"col-md-6 col-lg-3\"><div class=\"brand-card\"><a href=\"#\"><img decoding=\"async\" src=\"https:\/\/environmetrika.com.co\/wp-content\/uploads\/2025\/06\/environmetrika-empresas-4.png\" alt=\"environmetrika empresas 4\"  \/><\/a><\/div><\/div> <div class=\"col-md-6 col-lg-3\"><div class=\"brand-card\"><a href=\"#\"><img decoding=\"async\" src=\"https:\/\/environmetrika.com.co\/wp-content\/uploads\/2025\/06\/logo-aliados-1.png\" alt=\"logo aliados 1\"  \/><\/a><\/div><\/div><\/div>\t\t\t\t<\/div>\n\t\t\t\t<\/div>\n\t\t\t\t<\/div>\n\t\t\t\t\t<\/div>\n\t\t\t\t<\/div>\n\t\t<div class=\"elementor-element elementor-element-7154f8c arrow-wrap e-flex e-con-boxed e-con e-parent\" data-id=\"7154f8c\" data-element_type=\"container\" data-e-type=\"container\">\n\t\t\t\t\t<div class=\"e-con-inner\">\n\t\t\t\t\t<\/div>\n\t\t\t\t<\/div>\n\t\t\t\t<\/div>","protected":false},"excerpt":{"rendered":"<p>Expertos en Economia Ambiental \u00bfQuienes somos ? Environmetrika Nosotros Somos una firma consultora y acad\u00e9mica con m\u00e1s de 15 a\u00f1os de experiencia en el dise\u00f1o, ejecuci\u00f3n y evaluaci\u00f3n de proyectos que integran an\u00e1lisis ambiental, econ\u00f3mico y territorial. Misi\u00f3n: Promover la gesti\u00f3n ambiental y territorial basada en evidencia, integrando enfoques econ\u00f3mico-ambientales, sociales y pedag\u00f3gicos. Visi\u00f3n Ser&#8230;<\/p>","protected":false},"author":1,"featured_media":0,"parent":0,"menu_order":0,"comment_status":"closed","ping_status":"closed","template":"template-builder.php","meta":{"footnotes":""},"class_list":["post-2413","page","type-page","status-publish","hentry"],"_links":{"self":[{"href":"https:\/\/environmetrika.com.co\/en\/wp-json\/wp\/v2\/pages\/2413","targetHints":{"allow":["GET"]}}],"collection":[{"href":"https:\/\/environmetrika.com.co\/en\/wp-json\/wp\/v2\/pages"}],"about":[{"href":"https:\/\/environmetrika.com.co\/en\/wp-json\/wp\/v2\/types\/page"}],"author":[{"embeddable":true,"href":"https:\/\/environmetrika.com.co\/en\/wp-json\/wp\/v2\/users\/1"}],"replies":[{"embeddable":true,"href":"https:\/\/environmetrika.com.co\/en\/wp-json\/wp\/v2\/comments?post=2413"}],"version-history":[{"count":62,"href":"https:\/\/environmetrika.com.co\/en\/wp-json\/wp\/v2\/pages\/2413\/revisions"}],"predecessor-version":[{"id":3558,"href":"https:\/\/environmetrika.com.co\/en\/wp-json\/wp\/v2\/pages\/2413\/revisions\/3558"}],"wp:attachment":[{"href":"https:\/\/environmetrika.com.co\/en\/wp-json\/wp\/v2\/media?parent=2413"}],"curies":[{"name":"wp","href":"https:\/\/api.w.org\/{rel}","templated":true}]}}