{"id":2414,"date":"2025-01-05T05:35:29","date_gmt":"2025-01-05T05:35:29","guid":{"rendered":"https:\/\/wordpress.themeholy.com\/solak\/?page_id=28"},"modified":"2025-06-28T20:09:28","modified_gmt":"2025-06-28T20:09:28","slug":"contact-6","status":"publish","type":"page","link":"https:\/\/environmetrika.com.co\/en\/contact-6\/","title":{"rendered":"Contact"},"content":{"rendered":"<div data-elementor-type=\"wp-page\" data-elementor-id=\"2414\" class=\"elementor elementor-2414\">\n\t\t\t\t<div class=\"elementor-element elementor-element-3e34f30 e-flex e-con-boxed e-con e-parent\" data-id=\"3e34f30\" data-element_type=\"container\" data-e-type=\"container\">\n\t\t\t\t\t<div class=\"e-con-inner\">\n\t\t\t\t<div class=\"elementor-element elementor-element-9f510bc elementor-widget elementor-widget-heading\" data-id=\"9f510bc\" data-element_type=\"widget\" data-e-type=\"widget\" data-widget_type=\"heading.default\">\n\t\t\t\t<div class=\"elementor-widget-container\">\n\t\t\t\t\t<h2 class=\"elementor-heading-title elementor-size-default\">Our contact information<\/h2>\t\t\t\t<\/div>\n\t\t\t\t<\/div>\n\t\t\r\n\t\t<div class=\"elementor-element elementor-element-7047fef elementor-widget elementor-widget-solakcontactinfo\" data-id=\"7047fef\" data-element_type=\"widget\" data-e-type=\"widget\" data-widget_type=\"solakcontactinfo.default\">\n\t\t\t\t<div class=\"elementor-widget-container\">\n\t\t\t\t\t<div class=\"row gy-4\"><div class=\"col-xl-4 col-md-6\"><div class=\"contact-media\"><div class=\"icon-btn\"><i class=\"fa-sharp fa-light fa-location-dot\"><\/i><\/div><div class=\"media-body\"><h4 class=\"box-title\">Address<\/h4><p class=\"box-text\">Calle 57 #7-11, Chapinero, Bogot\u00e1 - Oficina 1103<\/p><\/div><\/div><\/div><div class=\"col-xl-4 col-md-6\"><div class=\"contact-media\"><div class=\"icon-btn\"><i class=\"fa-light fa-phone\"><\/i><\/div><div class=\"media-body\"><h4 class=\"box-title\">Contact number<\/h4><p class=\"box-text\"><a href=\"tel:+573505996718\">Celular: +57 350 599 67 18<\/a>\n<a href=\"mailto:info@environmetrika.com.co\">Email:info@environmetrika.com.co<\/a><\/p><\/div><\/div><\/div><div class=\"col-xl-4 col-md-6\"><div class=\"contact-media\"><div class=\"icon-btn\"><i class=\"fa-light fa-clock\"><\/i><\/div><div class=\"media-body\"><h4 class=\"box-title\">Schedules<\/h4><p class=\"box-text\"> Mon - Fri 8:00 - 18:00 \/ Sat 8:00 - 14:00<\/p><\/div><\/div><\/div><\/div>\t\t\t\t<\/div>\n\t\t\t\t<\/div>\n\t\t\t\t\t<\/div>\n\t\t\t\t<\/div>\n\t\t<div class=\"elementor-element elementor-element-36a300c e-flex e-con-boxed e-con e-parent\" data-id=\"36a300c\" data-element_type=\"container\" data-e-type=\"container\">\n\t\t\t\t\t<div class=\"e-con-inner\">\n\t\t<div class=\"elementor-element elementor-element-29932a4 e-con-full e-flex e-con e-child\" data-id=\"29932a4\" data-element_type=\"container\" data-e-type=\"container\">\n\t\t\t\t<div class=\"elementor-element elementor-element-0dd5acf elementor-widget elementor-widget-solakcontactform\" data-id=\"0dd5acf\" data-element_type=\"widget\" data-e-type=\"widget\" data-widget_type=\"solakcontactform.default\">\n\t\t\t\t<div class=\"elementor-widget-container\">\n\t\t\t\t\t<div class=\"contact-form2 input-smoke ajax-contact\"><h3 class=\"h2 mt-n3 mb-25 title\">Contact us<\/h3>\n<div class=\"wpcf7 no-js\" id=\"wpcf7-f1431-o1\" lang=\"en-US\" dir=\"ltr\" data-wpcf7-id=\"1431\">\n<div class=\"screen-reader-response\"><p role=\"status\" aria-live=\"polite\" aria-atomic=\"true\"><\/p> <ul><\/ul><\/div>\n<form action=\"\/en\/wp-json\/wp\/v2\/pages\/2414#wpcf7-f1431-o1\" method=\"post\" class=\"wpcf7-form init\" aria-label=\"Contact form\" novalidate=\"novalidate\" data-status=\"init\" data-trp-original-action=\"\/en\/wp-json\/wp\/v2\/pages\/2414#wpcf7-f1431-o1\">\n<fieldset class=\"hidden-fields-container\"><input type=\"hidden\" name=\"_wpcf7\" value=\"1431\" \/><input type=\"hidden\" name=\"_wpcf7_version\" value=\"6.1\" \/><input type=\"hidden\" name=\"_wpcf7_locale\" value=\"en_US\" \/><input type=\"hidden\" name=\"_wpcf7_unit_tag\" value=\"wpcf7-f1431-o1\" \/><input type=\"hidden\" name=\"_wpcf7_container_post\" value=\"0\" \/><input type=\"hidden\" name=\"_wpcf7_posted_data_hash\" value=\"\" \/>\n<\/fieldset>\n<div class=\"row\">\n\n<div class=\"form-group col-md-6\">\n<span class=\"wpcf7-form-control-wrap\" data-name=\"text-51\"><input size=\"40\" maxlength=\"400\" class=\"wpcf7-form-control wpcf7-text wpcf7-validates-as-required form-control\" aria-required=\"true\" aria-invalid=\"false\" placeholder=\"First and last name\" value=\"\" type=\"text\" name=\"text-51\" \/><\/span>\n<\/div>\n\n<div class=\"form-group col-md-6\">\n<span class=\"wpcf7-form-control-wrap\" data-name=\"email-52\"><input size=\"40\" maxlength=\"400\" class=\"wpcf7-form-control wpcf7-email wpcf7-validates-as-required wpcf7-text wpcf7-validates-as-email form-control\" aria-required=\"true\" aria-invalid=\"false\" placeholder=\"Email\" value=\"\" type=\"email\" name=\"email-52\" \/><\/span>\n<\/div>\n\n<div class=\"form-group col-md-6\">\n<span class=\"wpcf7-form-control-wrap\" data-name=\"tel-91\"><input size=\"40\" maxlength=\"400\" class=\"wpcf7-form-control wpcf7-tel wpcf7-validates-as-required wpcf7-text wpcf7-validates-as-tel form-control date-pick\" aria-required=\"true\" aria-invalid=\"false\" placeholder=\"Phone\" value=\"\" type=\"tel\" name=\"tel-91\" \/><\/span> \n<\/div>\n\n<div class=\"form-group col-md-6\">\n<span class=\"wpcf7-form-control-wrap\" data-name=\"time\"><input size=\"40\" maxlength=\"400\" class=\"wpcf7-form-control wpcf7-text wpcf7-validates-as-required form-control time-pick\" aria-required=\"true\" aria-invalid=\"false\" placeholder=\"City\" value=\"\" type=\"text\" name=\"time\" \/><\/span> \n<\/div>\n\n<div class=\"form-group col-12\">\n<span class=\"wpcf7-form-control-wrap\" data-name=\"textarea-56\"><textarea cols=\"40\" rows=\"10\" maxlength=\"2000\" class=\"wpcf7-form-control wpcf7-textarea wpcf7-validates-as-required form-control\" aria-required=\"true\" aria-invalid=\"false\" placeholder=\"Write your message\" name=\"textarea-56\"><\/textarea><\/span>\n<i class=\"fal fa-comment\"><\/i>\n<\/div>\n\n<div class=\"form-btn text-xl-start text-center col-12\">\n<button class=\"th-btn th-radius fw-btn\"><span class=\"btn-text\" data-back=\"Enviar\" data-front=\"Enviar\"><\/span><\/button>\n<\/div>\n\n<\/div>\n<p class=\"form-messages mb-0 mt-3\"><\/p><div class=\"wpcf7-response-output\" aria-hidden=\"true\"><\/div>\n<input type=\"hidden\" name=\"trp-form-language\" value=\"en\"\/><\/form>\n<\/div>\n<\/div>\t\t\t\t<\/div>\n\t\t\t\t<\/div>\n\t\t\t\t<\/div>\n\t\t<div class=\"elementor-element elementor-element-c50815b e-con-full e-flex e-con e-child\" data-id=\"c50815b\" data-element_type=\"container\" data-e-type=\"container\">\n\t\t\t\t<div class=\"elementor-element elementor-element-7ed6d08 elementor-widget elementor-widget-google_maps\" data-id=\"7ed6d08\" data-element_type=\"widget\" data-e-type=\"widget\" data-widget_type=\"google_maps.default\">\n\t\t\t\t<div class=\"elementor-widget-container\">\n\t\t\t\t\t\t\t<div class=\"elementor-custom-embed\">\n\t\t\t<iframe loading=\"lazy\"\n\t\t\t\t\tsrc=\"https:\/\/maps.google.com\/maps?q=Edificio%20Alhambra%20Cl.%2057%237-11&#038;t=m&#038;z=15&#038;output=embed&#038;iwloc=near\"\n\t\t\t\t\ttitle=\"Alhambra Building Cl. 57#7-11\"\n\t\t\t\t\taria-label=\"Alhambra Building Cl. 57#7-11\"\n\t\t\t><\/iframe>\n\t\t<\/div>\n\t\t\t\t\t\t<\/div>\n\t\t\t\t<\/div>\n\t\t\t\t<\/div>\n\t\t\t\t\t<\/div>\n\t\t\t\t<\/div>\n\t\t\t\t<\/div>","protected":false},"excerpt":{"rendered":"<p>Nuestra informaci\u00f3n de contacto Direcci\u00f3n Calle 57 #7-11, Chapinero, Bogot\u00e1 &#8211; Oficina 1103 N\u00famero de contacto Celular: +57 350 599 67 18 Email:info@environmetrika.com.co Horarios Lun &#8211; Vie 8:00 &#8211; 18:00 \/ S\u00e1b 8:00 &#8211; 14:00 Cont\u00e1ctanos<\/p>","protected":false},"author":1,"featured_media":0,"parent":0,"menu_order":0,"comment_status":"closed","ping_status":"closed","template":"template-builder.php","meta":{"footnotes":""},"class_list":["post-2414","page","type-page","status-publish","hentry"],"_links":{"self":[{"href":"https:\/\/environmetrika.com.co\/en\/wp-json\/wp\/v2\/pages\/2414","targetHints":{"allow":["GET"]}}],"collection":[{"href":"https:\/\/environmetrika.com.co\/en\/wp-json\/wp\/v2\/pages"}],"about":[{"href":"https:\/\/environmetrika.com.co\/en\/wp-json\/wp\/v2\/types\/page"}],"author":[{"embeddable":true,"href":"https:\/\/environmetrika.com.co\/en\/wp-json\/wp\/v2\/users\/1"}],"replies":[{"embeddable":true,"href":"https:\/\/environmetrika.com.co\/en\/wp-json\/wp\/v2\/comments?post=2414"}],"version-history":[{"count":16,"href":"https:\/\/environmetrika.com.co\/en\/wp-json\/wp\/v2\/pages\/2414\/revisions"}],"predecessor-version":[{"id":2725,"href":"https:\/\/environmetrika.com.co\/en\/wp-json\/wp\/v2\/pages\/2414\/revisions\/2725"}],"wp:attachment":[{"href":"https:\/\/environmetrika.com.co\/en\/wp-json\/wp\/v2\/media?parent=2414"}],"curies":[{"name":"wp","href":"https:\/\/api.w.org\/{rel}","templated":true}]}}