{"id":501,"date":"2025-01-08T02:35:00","date_gmt":"2025-01-08T02:35:00","guid":{"rendered":"https:\/\/wordpress.themeholy.com\/solak\/?page_id=501"},"modified":"2025-07-02T12:23:37","modified_gmt":"2025-07-02T12:23:37","slug":"servicios","status":"publish","type":"page","link":"https:\/\/environmetrika.com.co\/en\/servicios\/","title":{"rendered":"Services"},"content":{"rendered":"<div data-elementor-type=\"wp-page\" data-elementor-id=\"501\" class=\"elementor elementor-501\">\n\t\t\t\t<div class=\"elementor-element elementor-element-53cf88a e-flex e-con-boxed e-con e-parent\" data-id=\"53cf88a\" data-element_type=\"container\" data-e-type=\"container\" data-settings=\"{&quot;background_background&quot;:&quot;classic&quot;}\">\n\t\t\t\t\t<div class=\"e-con-inner\">\n\t\t<div class=\"elementor-element elementor-element-921fb14 e-con-full e-flex e-con e-child\" data-id=\"921fb14\" data-element_type=\"container\" data-e-type=\"container\">\n\t\t\r\n\t\t<div class=\"elementor-element elementor-element-ce33c01 elementor-widget__width-initial elementor-widget elementor-widget-solaksectiontitle\" data-id=\"ce33c01\" data-element_type=\"widget\" data-e-type=\"widget\" data-widget_type=\"solaksectiontitle.default\">\n\t\t\t\t<div class=\"elementor-widget-container\">\n\t\t\t\t\t\t\t<div class=\"title-area text-left\">\r\n\t\t\t<span class=\"sub-title text-ani-style2\">Our Services<\/span><h2 class=\"sec-title text-ani-style3\">Acompa\u00f1amos a una transici\u00f3n hacia un Desarrollo Sostenible<\/h2>\t\t<\/div>\r\n\r\n\t\t\t\t\t<\/div>\n\t\t\t\t<\/div>\n\t\t\t\t<div class=\"elementor-element elementor-element-c477973 elementor-widget elementor-widget-solakarrows\" data-id=\"c477973\" data-element_type=\"widget\" data-e-type=\"widget\" data-widget_type=\"solakarrows.default\">\n\t\t\t\t<div class=\"elementor-widget-container\">\n\t\t\t\t\t<div class=\"sec-btn\"><div class=\"icon-box\"><button data-slider-prev=\"#serviceSlide\" class=\"slider-arrow  default\"><i class=\"far fa-arrow-left\"><\/i><\/button><button data-slider-next=\"#serviceSlide\" class=\"slider-arrow  default\"><i class=\"far fa-arrow-right\"><\/i><\/button><\/div><\/div>\t\t\t\t<\/div>\n\t\t\t\t<\/div>\n\t\t\t\t<\/div>\n\t\t<div class=\"elementor-element elementor-element-53027eb e-con-full e-flex e-con e-child\" data-id=\"53027eb\" data-element_type=\"container\" data-e-type=\"container\">\n\t\t\t\t<div class=\"elementor-element elementor-element-89a6023 elementor-widget elementor-widget-solakservice\" data-id=\"89a6023\" data-element_type=\"widget\" data-e-type=\"widget\" data-widget_type=\"solakservice.default\">\n\t\t\t\t<div class=\"elementor-widget-container\">\n\t\t\t\t\t<div class=\"slider-area\"><div class=\"swiper th-slider has-shadow\" id=\"serviceSlide\" data-slider-options='{\"loop\":true,\"breakpoints\":{\"0\":{\"slidesPerView\":1},\"576\":{\"slidesPerView\":\"1\"},\"768\":{\"slidesPerView\":\"2\"},\"992\":{\"slidesPerView\":\"2\"},\"1200\":{\"slidesPerView\":\"3\"},\"1400\":{\"slidesPerView\":\"4\"}}}'><div class=\"swiper-wrapper\"><div class=\"swiper-slide\"><div class=\"service-card\"><div class=\"service-overlay\" data-bg-src=\"https:\/\/environmetrika.com.co\/wp-content\/uploads\/2025\/06\/baby-londonk-calotes-closeup-hojas-secas.jpg\"><\/div><div class=\"box-content\"><div class=\"box-icon\"><img decoding=\"async\" src=\"https:\/\/environmetrika.com.co\/wp-content\/uploads\/2025\/01\/service_1_6.svg\" alt=\"service_1_6\"  \/><\/div><div class=\"box-img\" data-mask-src=\"https:\/\/environmetrika.com.co\/wp-content\/plugins\/solak-core\/assets\/img\/shape\/ser-shape.png\"><img decoding=\"async\" src=\"https:\/\/environmetrika.com.co\/wp-content\/uploads\/2025\/06\/environmetrika-servicios-9.png\" alt=\"environmetrika servicios 9\"  \/><\/div><h3 class=\"box-title\"><a href=\"https:\/\/environmetrika.com.co\/en\/servicios\/evaluaciones-ambientales\/\">Environmental Assessments<\/a><\/h3><p class=\"box-text\"> Economic impact analysis, ecosystem service valuation, and tools to ensure your operation complies with and transcends environmental regulations.<\/p><a href=\"https:\/\/environmetrika.com.co\/en\/servicios\/evaluaciones-ambientales\/\" class=\"th-btn border-btn th-icon fw-medium text-uppercase\"><span class=\"btn-text\" data-back=\"Ver m\u00e1s\" data-front=\"Ver m\u00e1s\"><\/span><i class=\"fa-regular fa-arrow-right ms-2\"><\/i> <\/a><\/div><\/div><\/div><div class=\"swiper-slide\"><div class=\"service-card\"><div class=\"service-overlay\" data-bg-src=\"https:\/\/environmetrika.com.co\/wp-content\/uploads\/2025\/06\/hermoso-paisaje-de-un-rio-rodeado-de-vegetacion-en-un-bosque.jpg\"><\/div><div class=\"box-content\"><div class=\"box-icon\"><img decoding=\"async\" src=\"https:\/\/environmetrika.com.co\/wp-content\/uploads\/2025\/01\/service_1_6.svg\" alt=\"service_1_6\"  \/><\/div><div class=\"box-img\" data-mask-src=\"https:\/\/environmetrika.com.co\/wp-content\/plugins\/solak-core\/assets\/img\/shape\/ser-shape.png\"><img decoding=\"async\" src=\"https:\/\/environmetrika.com.co\/wp-content\/uploads\/2025\/06\/environmetrika-servicios-5.png\" alt=\"environmetrika servicios 5\"  \/><\/div><h3 class=\"box-title\"><a href=\"https:\/\/environmetrika.com.co\/en\/servicios\/economia-verde\/\">Green Economy<\/a><\/h3><p class=\"box-text\">Business models based on biodiversity, the circular economy, and the regenerative economy to transform natural assets into strategic advantages for your organization.<\/p><a href=\"https:\/\/environmetrika.com.co\/en\/servicios\/economia-verde\/\" class=\"th-btn border-btn th-icon fw-medium text-uppercase\"><span class=\"btn-text\" data-back=\"Ver m\u00e1s\" data-front=\"Ver m\u00e1s\"><\/span><i class=\"fa-regular fa-arrow-right ms-2\"><\/i> <\/a><\/div><\/div><\/div><div class=\"swiper-slide\"><div class=\"service-card\"><div class=\"service-overlay\" data-bg-src=\"https:\/\/environmetrika.com.co\/wp-content\/uploads\/2025\/06\/rana-arboricola-redeyed-sentada-sobre-hojas-verdes.jpg\"><\/div><div class=\"box-content\"><div class=\"box-icon\"><img decoding=\"async\" src=\"https:\/\/environmetrika.com.co\/wp-content\/uploads\/2025\/01\/service_1_6.svg\" alt=\"service_1_6\"  \/><\/div><div class=\"box-img\" data-mask-src=\"https:\/\/environmetrika.com.co\/wp-content\/plugins\/solak-core\/assets\/img\/shape\/ser-shape.png\"><img decoding=\"async\" src=\"https:\/\/environmetrika.com.co\/wp-content\/uploads\/2025\/06\/environmetrika-servicios-6.png\" alt=\"environmetrika servicios 6\"  \/><\/div><h3 class=\"box-title\"><a href=\"https:\/\/environmetrika.com.co\/en\/servicios\/finanzas-sostenibles\/\">Sustainable Finance<\/a><\/h3><p class=\"box-text\">Design of financial strategies to support projects for mitigation, adaptation to climate change, biodiversity conservation, and sustainable growth.<\/p><a href=\"https:\/\/environmetrika.com.co\/en\/servicios\/finanzas-sostenibles\/\" class=\"th-btn border-btn th-icon fw-medium text-uppercase\"><span class=\"btn-text\" data-back=\"Ver m\u00e1s\" data-front=\"Ver m\u00e1s\"><\/span><i class=\"fa-regular fa-arrow-right ms-2\"><\/i> <\/a><\/div><\/div><\/div><div class=\"swiper-slide\"><div class=\"service-card\"><div class=\"service-overlay\" data-bg-src=\"https:\/\/environmetrika.com.co\/wp-content\/uploads\/2025\/06\/plano-general-de-las-majestuosas-cascadas-de-la-paz-en-medio-de-un-frondoso-bosque-en-cinchona-costa-rica-e1748909138742.jpg\"><\/div><div class=\"box-content\"><div class=\"box-icon\"><img decoding=\"async\" src=\"https:\/\/environmetrika.com.co\/wp-content\/uploads\/2025\/01\/service_1_6.svg\" alt=\"service_1_6\"  \/><\/div><div class=\"box-img\" data-mask-src=\"https:\/\/environmetrika.com.co\/wp-content\/plugins\/solak-core\/assets\/img\/shape\/ser-shape.png\"><img decoding=\"async\" src=\"https:\/\/environmetrika.com.co\/wp-content\/uploads\/2025\/06\/environmetrika-servicios-7.png\" alt=\"environmetrika servicios 7\"  \/><\/div><h3 class=\"box-title\"><a href=\"https:\/\/environmetrika.com.co\/en\/servicios\/gestion-territorial\/\">Territorial Management<\/a><\/h3><p class=\"box-text\">Support for sustainable planning of territories and projects to ensure that economic growth, environmental resilience, and social inclusion advance hand in hand.<\/p><a href=\"https:\/\/environmetrika.com.co\/en\/servicios\/gestion-territorial\/\" class=\"th-btn border-btn th-icon fw-medium text-uppercase\"><span class=\"btn-text\" data-back=\"Ver m\u00e1s\" data-front=\"Ver m\u00e1s\"><\/span><i class=\"fa-regular fa-arrow-right ms-2\"><\/i> <\/a><\/div><\/div><\/div><div class=\"swiper-slide\"><div class=\"service-card\"><div class=\"service-overlay\" data-bg-src=\"https:\/\/environmetrika.com.co\/wp-content\/uploads\/2025\/06\/vega-baja-del-segura-paisajes-de-la-huerta-y-sus-atardeceres-junto-al-ro-segura.jpg\"><\/div><div class=\"box-content\"><div class=\"box-icon\"><img decoding=\"async\" src=\"https:\/\/environmetrika.com.co\/wp-content\/uploads\/2025\/01\/service_1_6.svg\" alt=\"service_1_6\"  \/><\/div><div class=\"box-img\" data-mask-src=\"https:\/\/environmetrika.com.co\/wp-content\/plugins\/solak-core\/assets\/img\/shape\/ser-shape.png\"><img decoding=\"async\" src=\"https:\/\/environmetrika.com.co\/wp-content\/uploads\/2025\/06\/environmetrika-servicios-8.png\" alt=\"environmetrika servicios 8\"  \/><\/div><h3 class=\"box-title\"><a href=\"https:\/\/environmetrika.com.co\/en\/servicios\/educacion-y-formacion-en-sostenibilidad\/\">Education and Training in Sustainability<\/a><\/h3><p class=\"box-text\">Advanced training for professionals and teams, strengthening strategic capabilities for decision-making based on economic and environmental criteria.<\/p><a href=\"https:\/\/environmetrika.com.co\/en\/servicios\/educacion-y-formacion-en-sostenibilidad\/\" class=\"th-btn border-btn th-icon fw-medium text-uppercase\"><span class=\"btn-text\" data-back=\"Ver m\u00e1s\" data-front=\"Ver m\u00e1s\"><\/span><i class=\"fa-regular fa-arrow-right ms-2\"><\/i> <\/a><\/div><\/div><\/div><\/div><\/div><\/div>\t\t\t\t<\/div>\n\t\t\t\t<\/div>\n\t\t\t\t<\/div>\n\t\t\t\t\t<\/div>\n\t\t\t\t<\/div>\n\t\t<div class=\"elementor-element elementor-element-9527511 e-flex e-con-boxed e-con e-parent\" data-id=\"9527511\" data-element_type=\"container\" data-e-type=\"container\">\n\t\t\t\t\t<div class=\"e-con-inner\">\n\t\t\t\t<div class=\"elementor-element elementor-element-b34d3ef elementor-widget elementor-widget-spacer\" data-id=\"b34d3ef\" data-element_type=\"widget\" data-e-type=\"widget\" data-widget_type=\"spacer.default\">\n\t\t\t\t<div class=\"elementor-widget-container\">\n\t\t\t\t\t\t\t<div class=\"elementor-spacer\">\n\t\t\t<div class=\"elementor-spacer-inner\"><\/div>\n\t\t<\/div>\n\t\t\t\t\t\t<\/div>\n\t\t\t\t<\/div>\n\t\t\t\t\t<\/div>\n\t\t\t\t<\/div>\n\t\t\t\t<\/div>","protected":false},"excerpt":{"rendered":"<p>Nuestros Servicios Acompa\u00f1amos a una transici\u00f3n hacia un Desarrollo Sostenible Evaluaciones Ambientales An\u00e1lisis econ\u00f3mico de impactos, valoraci\u00f3n de servicios ecosist\u00e9micos y herramientas para garantizar que tu operaci\u00f3n cumpla y trascienda la normativa ambiental. Econom\u00eda Verde Modelos de negocio basados en la biodiversidad, la econom\u00eda circular y la econom\u00eda regenerativa para transformar activos naturales en ventajas&#8230;<\/p>","protected":false},"author":1,"featured_media":0,"parent":0,"menu_order":0,"comment_status":"closed","ping_status":"closed","template":"template-builder.php","meta":{"footnotes":""},"class_list":["post-501","page","type-page","status-publish","hentry"],"_links":{"self":[{"href":"https:\/\/environmetrika.com.co\/en\/wp-json\/wp\/v2\/pages\/501","targetHints":{"allow":["GET"]}}],"collection":[{"href":"https:\/\/environmetrika.com.co\/en\/wp-json\/wp\/v2\/pages"}],"about":[{"href":"https:\/\/environmetrika.com.co\/en\/wp-json\/wp\/v2\/types\/page"}],"author":[{"embeddable":true,"href":"https:\/\/environmetrika.com.co\/en\/wp-json\/wp\/v2\/users\/1"}],"replies":[{"embeddable":true,"href":"https:\/\/environmetrika.com.co\/en\/wp-json\/wp\/v2\/comments?post=501"}],"version-history":[{"count":13,"href":"https:\/\/environmetrika.com.co\/en\/wp-json\/wp\/v2\/pages\/501\/revisions"}],"predecessor-version":[{"id":3527,"href":"https:\/\/environmetrika.com.co\/en\/wp-json\/wp\/v2\/pages\/501\/revisions\/3527"}],"wp:attachment":[{"href":"https:\/\/environmetrika.com.co\/en\/wp-json\/wp\/v2\/media?parent=501"}],"curies":[{"name":"wp","href":"https:\/\/api.w.org\/{rel}","templated":true}]}}