{"id":515,"date":"2025-01-08T02:43:07","date_gmt":"2025-01-08T02:43:07","guid":{"rendered":"https:\/\/wordpress.themeholy.com\/solak\/?page_id=515"},"modified":"2025-06-29T01:14:00","modified_gmt":"2025-06-29T01:14:00","slug":"proyectos","status":"publish","type":"page","link":"https:\/\/environmetrika.com.co\/en\/proyectos\/","title":{"rendered":"Projects"},"content":{"rendered":"<div data-elementor-type=\"wp-page\" data-elementor-id=\"515\" class=\"elementor elementor-515\">\n\t\t\t\t<div class=\"elementor-element elementor-element-27c7fc5 arrow-wrap e-flex e-con-boxed e-con e-parent\" data-id=\"27c7fc5\" data-element_type=\"container\" data-e-type=\"container\">\n\t\t\t\t\t<div class=\"e-con-inner\">\n\t\t\r\n\t\t<div class=\"elementor-element elementor-element-b157469 elementor-widget elementor-widget-solaksectiontitle\" data-id=\"b157469\" data-element_type=\"widget\" data-e-type=\"widget\" data-widget_type=\"solaksectiontitle.default\">\n\t\t\t\t<div class=\"elementor-widget-container\">\n\t\t\t\t\t\t\t<div class=\"title-area text-center\">\r\n\t\t\t<span class=\"sub-title text-ani-style2\">EnvironMetrika<\/span><h2 class=\"sec-title text-ani-style3\">Our Projects<\/h2>\t\t<\/div>\r\n\r\n\t\t\t\t\t<\/div>\n\t\t\t\t<\/div>\n\t\t\t\t<div class=\"elementor-element elementor-element-9cbfc70 elementor-widget elementor-widget-solakshapeimage\" data-id=\"9cbfc70\" data-element_type=\"widget\" data-e-type=\"widget\" data-widget_type=\"solakshapeimage.default\">\n\t\t\t\t<div class=\"elementor-widget-container\">\n\t\t\t\t\t<!-- Image --><div class=\"shape-mockup  d-xl-block d-none\" data-top=\"1px\" data-right=\"1px\"><img decoding=\"async\" class=\"\" src=\"https:\/\/wordpress.themeholy.com\/solak\/wp-content\/uploads\/2025\/01\/shape-1.png\" alt=\"Shape Image\" ><\/div><!-- End Image -->\t\t\t\t<\/div>\n\t\t\t\t<\/div>\n\t\t\t\t\t<\/div>\n\t\t\t\t<\/div>\n\t\t<div class=\"elementor-element elementor-element-ffe78a2 e-flex e-con-boxed e-con e-parent\" data-id=\"ffe78a2\" data-element_type=\"container\" data-e-type=\"container\">\n\t\t\t\t\t<div class=\"e-con-inner\">\n\t\t\t\t<div class=\"elementor-element elementor-element-d74d625 elementor-widget elementor-widget-solakproject\" data-id=\"d74d625\" data-element_type=\"widget\" data-e-type=\"widget\" data-widget_type=\"solakproject.default\">\n\t\t\t\t<div class=\"elementor-widget-container\">\n\t\t\t\t\t<section class=\"project-area2 overflow-hidden\" id=\"project-sec\" data-background=\"https:\/\/wordpress.themeholy.com\/solak\/wp-content\/uploads\/2025\/01\/project_2_1.jpg\"><div class=\"title-area mb-0\"><div class=\"shadow-title\">Our Projects<\/div><\/div><div class=\"slider-area\"><div class=\"swiper th-slider has-shadow\" id=\"projectSlider2\" data-slider-options='{\"spaceBetween\":0,\"breakpoints\":{\"0\":{\"slidesPerView\":1},\"576\":{\"slidesPerView\":\"1\"},\"768\":{\"slidesPerView\":\"2\"},\"992\":{\"slidesPerView\":\"2\"},\"1200\":{\"slidesPerView\":\"4\"}}}'><div class=\"swiper-wrapper\"><div class=\"swiper-slide\"><div class=\"project-item\" data-bg=\"https:\/\/environmetrika.com.co\/wp-content\/uploads\/2025\/06\/investigador-sostiene-un-tubo-de-ensayo-con-agua-en-una-mano-en-guante-azul-scaled.jpg\"><div class=\"box-content\"><p class=\"box-subtitle\">\u201cProvision of professional consulting services to develop the environmental economics component of the Drinking Water Quality Master Plan with the EAAB; carried out by the Universidad de los Andes under Consulting Contract 2-2-26200, signed between Uniandes and the EAAB.\u201d According to the proposal of April 6, 2020.<\/p><h3 class=\"box-title\"><a href=\"\">UNIVERSITY OF LOS ANDES<\/a><\/h3><\/div><\/div><\/div><div class=\"swiper-slide\"><div class=\"project-item\" data-bg=\"https:\/\/environmetrika.com.co\/wp-content\/uploads\/2025\/06\/hombre-de-pie-en-la-roca-por-el-lago-contra-el-cielo-scaled.jpg\"><div class=\"box-content\"><p class=\"box-subtitle\">ECONOMIC CHAPTER OF THE EIA ON THE ECONOMIC EVALUATION OF ENVIRONMENTAL IMPACTS FOR THE ENVIRONMENTAL LICENSING OF THE CONSTRUCTION PROJECT OF A SANITARY LANDFILL IN THE MUNICIPALITY OF ALTAMIRA, HUILA<\/p><h3 class=\"box-title\"><a href=\"\">HIDROSUELOS SAS<\/a><\/h3><\/div><\/div><\/div><div class=\"swiper-slide\"><div class=\"project-item\" data-bg=\"https:\/\/environmetrika.com.co\/wp-content\/uploads\/2025\/06\/vista-frontal-hombre-con-bloques-de-madera-scaled.jpg\"><div class=\"box-content\"><p class=\"box-subtitle\">\"Preparation of the ex-ante economic assessment of the environmental impacts produced by the San Rafael Cable Car project located in the municipality of La Calera, Cundinamarca, under contract FDN04-2018. This study will form the economic chapter of the EIA that will be submitted to ANLA.\"<\/p><h3 class=\"box-title\"><a href=\"\">INGENIERIA DE SISTEMAS DE TRANSPORTE Y CABLES\nS.AS<\/a><\/h3><\/div><\/div><\/div><div class=\"swiper-slide\"><div class=\"project-item\" data-bg=\"https:\/\/environmetrika.com.co\/wp-content\/uploads\/2025\/06\/la-bandera-nacional-de-colombia-bogota-fijada-en-el-mapa-politico-ilustracion-en-3d-scaled.jpg\"><div class=\"box-content\"><p class=\"box-subtitle\">Leading the team of professionals for the contract with the National Planning Department (DNP) aimed at \"Designing the methodology for impact assessment of environmental and sustainable development (ESD) projects financed with resources from the General Royalties System (SGR), and establishing a baseline at the national and subnational levels.\"<\/p><h3 class=\"box-title\"><a href=\"\">ECONOMIKA S.A.S<\/a><\/h3><\/div><\/div><\/div><\/div><\/div><\/div><\/section>\t\t\t\t<\/div>\n\t\t\t\t<\/div>\n\t\t\t\t\t<\/div>\n\t\t\t\t<\/div>\n\t\t<div class=\"elementor-element elementor-element-4c5b379 arrow-wrap e-flex e-con-boxed e-con e-parent\" data-id=\"4c5b379\" data-element_type=\"container\" data-e-type=\"container\">\n\t\t\t\t\t<div class=\"e-con-inner\">\n\t\t\t\t<div class=\"elementor-element elementor-element-5fb591f elementor-widget__width-initial elementor-widget elementor-widget-solaksectiontitle\" data-id=\"5fb591f\" data-element_type=\"widget\" data-e-type=\"widget\" data-widget_type=\"solaksectiontitle.default\">\n\t\t\t\t<div class=\"elementor-widget-container\">\n\t\t\t\t\t\t\t<div class=\"title-area text-center\">\r\n\t\t\t<span class=\"sub-title text-ani-style2\">Experience<\/span><h2 class=\"sec-title text-ani-style3\">Our Clients <\/h2>\t\t<\/div>\r\n\r\n\t\t\t\t\t<\/div>\n\t\t\t\t<\/div>\n\t\t\t\t<div class=\"elementor-element elementor-element-42a3d4a elementor-widget elementor-widget-solakclientlogos\" data-id=\"42a3d4a\" data-element_type=\"widget\" data-e-type=\"widget\" data-widget_type=\"solakclientlogos.default\">\n\t\t\t\t<div class=\"elementor-widget-container\">\n\t\t\t\t\t<div class=\"row gy-4 justify-content-center align-items-center\"> <div class=\"col-md-6 col-lg-3\"><div class=\"brand-card\"><a href=\"#\"><img decoding=\"async\" src=\"https:\/\/environmetrika.com.co\/wp-content\/uploads\/2025\/06\/environmetrika-empresas-2.png\" alt=\"environmetrika empresas 2\"  \/><\/a><\/div><\/div> <div class=\"col-md-6 col-lg-3\"><div class=\"brand-card\"><a href=\"#\"><img decoding=\"async\" src=\"https:\/\/environmetrika.com.co\/wp-content\/uploads\/2025\/06\/environmetrika-empresas-3.png\" alt=\"environmetrika empresas 3\"  \/><\/a><\/div><\/div> <div class=\"col-md-6 col-lg-3\"><div class=\"brand-card\"><a href=\"#\"><img decoding=\"async\" src=\"https:\/\/environmetrika.com.co\/wp-content\/uploads\/2025\/06\/environmetrika-empresas-5.png\" alt=\"environmetrika empresas 5\"  \/><\/a><\/div><\/div> <div class=\"col-md-6 col-lg-3\"><div class=\"brand-card\"><a href=\"#\"><img decoding=\"async\" src=\"https:\/\/environmetrika.com.co\/wp-content\/uploads\/2025\/06\/environmetrika-empresas-6.png\" alt=\"environmetrika empresas 6\"  \/><\/a><\/div><\/div> <div class=\"col-md-6 col-lg-3\"><div class=\"brand-card\"><a href=\"#\"><img decoding=\"async\" src=\"https:\/\/environmetrika.com.co\/wp-content\/uploads\/2025\/06\/cliente-logo-11.jpg\" alt=\"cliente logo 11\"  \/><\/a><\/div><\/div> <div class=\"col-md-6 col-lg-3\"><div class=\"brand-card\"><a href=\"#\"><img decoding=\"async\" src=\"https:\/\/environmetrika.com.co\/wp-content\/uploads\/2025\/06\/cliente-logo-10.jpg\" alt=\"cliente logo 10\"  \/><\/a><\/div><\/div> <div class=\"col-md-6 col-lg-3\"><div class=\"brand-card\"><a href=\"#\"><img decoding=\"async\" src=\"https:\/\/environmetrika.com.co\/wp-content\/uploads\/2025\/06\/cliente-logo-9.jpg\" alt=\"cliente logo 9\"  \/><\/a><\/div><\/div> <div class=\"col-md-6 col-lg-3\"><div class=\"brand-card\"><a href=\"#\"><img decoding=\"async\" src=\"https:\/\/environmetrika.com.co\/wp-content\/uploads\/2025\/06\/logo-cliente-1.png\" alt=\"logo cliente 1\"  \/><\/a><\/div><\/div> <div class=\"col-md-6 col-lg-3\"><div class=\"brand-card\"><a href=\"#\"><img decoding=\"async\" src=\"https:\/\/environmetrika.com.co\/wp-content\/uploads\/2025\/06\/cliente-logo-8.jpg\" alt=\"cliente logo 8\"  \/><\/a><\/div><\/div> <div class=\"col-md-6 col-lg-3\"><div class=\"brand-card\"><a href=\"#\"><img decoding=\"async\" src=\"https:\/\/environmetrika.com.co\/wp-content\/uploads\/2025\/06\/cliente-logo-7.jpg\" alt=\"cliente logo 7\"  \/><\/a><\/div><\/div> <div class=\"col-md-6 col-lg-3\"><div class=\"brand-card\"><a href=\"#\"><img decoding=\"async\" src=\"https:\/\/environmetrika.com.co\/wp-content\/uploads\/2025\/06\/cliente-logo-6.jpg\" alt=\"cliente logo 6\"  \/><\/a><\/div><\/div> <div class=\"col-md-6 col-lg-3\"><div class=\"brand-card\"><a href=\"#\"><img decoding=\"async\" src=\"https:\/\/environmetrika.com.co\/wp-content\/uploads\/2025\/06\/cliente-logo-5.jpg\" alt=\"cliente logo 5\"  \/><\/a><\/div><\/div> <div class=\"col-md-6 col-lg-3\"><div class=\"brand-card\"><a href=\"#\"><img decoding=\"async\" src=\"https:\/\/environmetrika.com.co\/wp-content\/uploads\/2025\/06\/cliente-logo-4.jpg\" alt=\"cliente logo 4\"  \/><\/a><\/div><\/div> <div class=\"col-md-6 col-lg-3\"><div class=\"brand-card\"><a href=\"#\"><img decoding=\"async\" src=\"https:\/\/environmetrika.com.co\/wp-content\/uploads\/2025\/06\/cliente-logo-3.jpg\" alt=\"cliente logo 3\"  \/><\/a><\/div><\/div> <div class=\"col-md-6 col-lg-3\"><div class=\"brand-card\"><a href=\"#\"><img decoding=\"async\" src=\"https:\/\/environmetrika.com.co\/wp-content\/uploads\/2025\/06\/cliente-logo-2.jpg\" alt=\"cliente logo 2\"  \/><\/a><\/div><\/div> <div class=\"col-md-6 col-lg-3\"><div class=\"brand-card\"><a href=\"#\"><img decoding=\"async\" src=\"https:\/\/environmetrika.com.co\/wp-content\/uploads\/2025\/06\/cliente-logo-12.jpg\" alt=\"cliente logo 12\"  \/><\/a><\/div><\/div><\/div>\t\t\t\t<\/div>\n\t\t\t\t<\/div>\n\t\t\t\t\t<\/div>\n\t\t\t\t<\/div>\n\t\t<div class=\"elementor-element elementor-element-e54e619 arrow-wrap e-flex e-con-boxed e-con e-parent\" data-id=\"e54e619\" data-element_type=\"container\" data-e-type=\"container\">\n\t\t\t\t\t<div class=\"e-con-inner\">\n\t\t\t\t<div class=\"elementor-element elementor-element-c3c33a9 elementor-widget__width-initial elementor-widget elementor-widget-solaksectiontitle\" data-id=\"c3c33a9\" data-element_type=\"widget\" data-e-type=\"widget\" data-widget_type=\"solaksectiontitle.default\">\n\t\t\t\t<div class=\"elementor-widget-container\">\n\t\t\t\t\t\t\t<div class=\"title-area text-center\">\r\n\t\t\t<span class=\"sub-title text-ani-style2\">Experience<\/span><h2 class=\"sec-title text-ani-style3\">Our Allies<\/h2>\t\t<\/div>\r\n\r\n\t\t\t\t\t<\/div>\n\t\t\t\t<\/div>\n\t\t\t\t\t<\/div>\n\t\t\t\t<\/div>\n\t\t<div class=\"elementor-element elementor-element-3ca8705 e-flex e-con-boxed e-con e-parent\" data-id=\"3ca8705\" data-element_type=\"container\" data-e-type=\"container\">\n\t\t\t\t\t<div class=\"e-con-inner\">\n\t\t<div class=\"elementor-element elementor-element-c03da05 e-con-full e-flex e-con e-child\" data-id=\"c03da05\" data-element_type=\"container\" data-e-type=\"container\" data-settings=\"{&quot;background_background&quot;:&quot;classic&quot;}\">\n\t\t\t\t<div class=\"elementor-element elementor-element-c4d1607 elementor-widget elementor-widget-solakclientlogos\" data-id=\"c4d1607\" data-element_type=\"widget\" data-e-type=\"widget\" data-widget_type=\"solakclientlogos.default\">\n\t\t\t\t<div class=\"elementor-widget-container\">\n\t\t\t\t\t<div class=\"row gy-4 justify-content-center align-items-center\"> <div class=\"col-md-6 col-lg-3\"><div class=\"brand-card\"><a href=\"#\"><img decoding=\"async\" src=\"https:\/\/environmetrika.com.co\/wp-content\/uploads\/2025\/06\/environmetrika-empresas-1.png\" alt=\"environmetrika empresas 1\"  \/><\/a><\/div><\/div> <div class=\"col-md-6 col-lg-3\"><div class=\"brand-card\"><a href=\"#\"><img decoding=\"async\" src=\"https:\/\/environmetrika.com.co\/wp-content\/uploads\/2025\/06\/u-rosario.png\" alt=\"u rosario\"  \/><\/a><\/div><\/div> <div class=\"col-md-6 col-lg-3\"><div class=\"brand-card\"><a href=\"#\"><img decoding=\"async\" src=\"https:\/\/environmetrika.com.co\/wp-content\/uploads\/2025\/06\/environmetrika-empresas-4.png\" alt=\"environmetrika empresas 4\"  \/><\/a><\/div><\/div> <div class=\"col-md-6 col-lg-3\"><div class=\"brand-card\"><a href=\"#\"><img decoding=\"async\" src=\"https:\/\/environmetrika.com.co\/wp-content\/uploads\/2025\/06\/logo-aliados-1.png\" alt=\"logo aliados 1\"  \/><\/a><\/div><\/div><\/div>\t\t\t\t<\/div>\n\t\t\t\t<\/div>\n\t\t\t\t<\/div>\n\t\t\t\t\t<\/div>\n\t\t\t\t<\/div>\n\t\t\t\t<\/div>","protected":false},"excerpt":{"rendered":"<p>EnvironMetrika Nuestros Proyectos Nuestros Proyectos \u201cPrestaci\u00f3n de servicios profesionales de consultor\u00eda para desarrollar el componente de econom\u00eda ambiental en el Plan Maestro de Calidad de Agua Potable con la EAAB; adelantado por la Universidad de los Andes en el marco del contrato de Consultor\u00eda 2-2-26200, celebrado entre Uniandes y la EAAB.\u201d Conforme a la propuesta&#8230;<\/p>","protected":false},"author":1,"featured_media":0,"parent":0,"menu_order":0,"comment_status":"closed","ping_status":"closed","template":"template-builder.php","meta":{"footnotes":""},"class_list":["post-515","page","type-page","status-publish","hentry"],"_links":{"self":[{"href":"https:\/\/environmetrika.com.co\/en\/wp-json\/wp\/v2\/pages\/515","targetHints":{"allow":["GET"]}}],"collection":[{"href":"https:\/\/environmetrika.com.co\/en\/wp-json\/wp\/v2\/pages"}],"about":[{"href":"https:\/\/environmetrika.com.co\/en\/wp-json\/wp\/v2\/types\/page"}],"author":[{"embeddable":true,"href":"https:\/\/environmetrika.com.co\/en\/wp-json\/wp\/v2\/users\/1"}],"replies":[{"embeddable":true,"href":"https:\/\/environmetrika.com.co\/en\/wp-json\/wp\/v2\/comments?post=515"}],"version-history":[{"count":20,"href":"https:\/\/environmetrika.com.co\/en\/wp-json\/wp\/v2\/pages\/515\/revisions"}],"predecessor-version":[{"id":3524,"href":"https:\/\/environmetrika.com.co\/en\/wp-json\/wp\/v2\/pages\/515\/revisions\/3524"}],"wp:attachment":[{"href":"https:\/\/environmetrika.com.co\/en\/wp-json\/wp\/v2\/media?parent=515"}],"curies":[{"name":"wp","href":"https:\/\/api.w.org\/{rel}","templated":true}]}}